{"id":5426,"date":"2024-01-09T10:21:33","date_gmt":"2024-01-09T10:21:33","guid":{"rendered":"https:\/\/ainis.space\/straipsniai\/"},"modified":"2025-06-24T10:49:28","modified_gmt":"2025-06-24T10:49:28","slug":"straipsniai","status":"publish","type":"page","link":"https:\/\/ainis.space\/lt\/straipsniai\/","title":{"rendered":"Straipsniai"},"content":{"rendered":"\t\t<div data-elementor-type=\"wp-page\" data-elementor-id=\"5426\" class=\"elementor elementor-5426 elementor-1386\" data-elementor-post-type=\"page\">\n\t\t\t\t<section class=\"elementor-element elementor-element-8feb6ad e-flex e-con-boxed e-con e-parent\" data-id=\"8feb6ad\" data-element_type=\"container\" data-e-type=\"container\">\n\t\t\t\t\t<div class=\"e-con-inner\">\n\t\t\t\t<div class=\"elementor-element elementor-element-4b62841 elementor-widget__width-initial elementor-widget elementor-widget-heading\" data-id=\"4b62841\" data-element_type=\"widget\" data-e-type=\"widget\" data-widget_type=\"heading.default\">\n\t\t\t\t<div class=\"elementor-widget-container\">\n\t\t\t\t\t<h1 class=\"elementor-heading-title elementor-size-default\"><span class=\"blueline\">Straipsniai<\/span>, kurie \u012fkvepia<\/h1>\t\t\t\t<\/div>\n\t\t\t\t<\/div>\n\t\t\t\t<div class=\"elementor-element elementor-element-22b905c elementor-widget__width-initial elementor-widget elementor-widget-text-editor\" data-id=\"22b905c\" data-element_type=\"widget\" data-e-type=\"widget\" data-widget_type=\"text-editor.default\">\n\t\t\t\t<div class=\"elementor-widget-container\">\n\t\t\t\t\t\t\t\t\tNaujausi\u0173 UX\/UI dizaino, \u017einiatinklio k\u016brimo ir skaitmenin\u0117s rinkodaros straipsniai. Pasinerkite \u012f m\u016bs\u0173 \u012f\u017evalg\u0173, praktini\u0173 patarim\u0173 ir tendencij\u0173 analiz\u0117s pasaul\u012f, kad patobulintum\u0117te savo dizaino ir skaitmenin\u0117s strategijos \u017einias. Naudodamiesi m\u016bs\u0173 glaustu turiniu, su\u017einokite apie \u0161iuolaikines tendencijas ir technologijas.  \t\t\t\t\t\t\t\t<\/div>\n\t\t\t\t<\/div>\n\t\t\t\t\t<\/div>\n\t\t\t\t<\/section>\n\t\t<section class=\"elementor-element elementor-element-26ca1a1 e-flex e-con-boxed e-con e-parent\" data-id=\"26ca1a1\" data-element_type=\"container\" data-e-type=\"container\">\n\t\t\t\t\t<div class=\"e-con-inner\">\n\t\t\t\t<div class=\"elementor-element elementor-element-4675637 elementor-grid-3 elementor-grid-laptop-3 elementor-grid-tablet-2 elementor-grid-mobile-1 elementor-widget elementor-widget-loop-grid\" data-id=\"4675637\" data-element_type=\"widget\" data-e-type=\"widget\" data-settings=\"{&quot;template_id&quot;:1390,&quot;columns&quot;:3,&quot;columns_laptop&quot;:3,&quot;pagination_type&quot;:&quot;numbers&quot;,&quot;_skin&quot;:&quot;post&quot;,&quot;columns_tablet&quot;:&quot;2&quot;,&quot;columns_mobile&quot;:&quot;1&quot;,&quot;edit_handle_selector&quot;:&quot;[data-elementor-type=\\&quot;loop-item\\&quot;]&quot;,&quot;pagination_load_type&quot;:&quot;page_reload&quot;,&quot;row_gap&quot;:{&quot;unit&quot;:&quot;px&quot;,&quot;size&quot;:&quot;&quot;,&quot;sizes&quot;:[]},&quot;row_gap_laptop&quot;:{&quot;unit&quot;:&quot;px&quot;,&quot;size&quot;:&quot;&quot;,&quot;sizes&quot;:[]},&quot;row_gap_tablet&quot;:{&quot;unit&quot;:&quot;px&quot;,&quot;size&quot;:&quot;&quot;,&quot;sizes&quot;:[]},&quot;row_gap_mobile&quot;:{&quot;unit&quot;:&quot;px&quot;,&quot;size&quot;:&quot;&quot;,&quot;sizes&quot;:[]}}\" data-widget_type=\"loop-grid.post\">\n\t\t\t\t<div class=\"elementor-widget-container\">\n\t\t\t\t\t\t\t<div class=\"elementor-loop-container elementor-grid\" role=\"list\">\n\t\t<style id=\"loop-dynamic-1390\">.e-loop-item-6640 .elementor-element.elementor-element-5db8c93:not(.elementor-motion-effects-element-type-background), .e-loop-item-6640 .elementor-element.elementor-element-5db8c93 > .elementor-motion-effects-container > .elementor-motion-effects-layer{background-image:url(\"https:\/\/ainis.space\/wp-content\/uploads\/2024\/01\/The-Power-of-UX_UI-Audit.png\");}<\/style><style id=\"loop-1390\">.elementor-1390 .elementor-element.elementor-element-e8263df{--display:flex;--flex-direction:column;--container-widget-width:100%;--container-widget-height:initial;--container-widget-flex-grow:0;--container-widget-align-self:initial;--flex-wrap-mobile:wrap;--gap:0px 0px;--row-gap:0px;--column-gap:0px;--border-radius:50px 50px 50px 50px;box-shadow:0px 0px 10px 0px rgba(0, 0, 0, 0.1);--padding-top:0px;--padding-bottom:24px;--padding-left:0px;--padding-right:0px;}.elementor-1390 .elementor-element.elementor-element-e8263df:hover{box-shadow:0px 0px 10px 0px rgba(0, 0, 0, 0.24);}.elementor-1390 .elementor-element.elementor-element-5db8c93{--display:flex;--min-height:304px;--border-radius:50px 50px 0px 0px;}.elementor-1390 .elementor-element.elementor-element-5db8c93:not(.elementor-motion-effects-element-type-background), .elementor-1390 .elementor-element.elementor-element-5db8c93 > .elementor-motion-effects-container > .elementor-motion-effects-layer{background-position:center center;background-repeat:no-repeat;background-size:cover;}.elementor-1390 .elementor-element.elementor-element-f643a46{--display:flex;--padding-top:24px;--padding-bottom:24px;--padding-left:24px;--padding-right:24px;}.elementor-1390 .elementor-element.elementor-element-3657cf8 .elementor-heading-title{font-family:var( --e-global-typography-vamtam_h6-font-family ), Sans-serif;font-size:var( --e-global-typography-vamtam_h6-font-size );font-weight:var( --e-global-typography-vamtam_h6-font-weight );font-style:var( --e-global-typography-vamtam_h6-font-style );line-height:var( --e-global-typography-vamtam_h6-line-height );letter-spacing:var( --e-global-typography-vamtam_h6-letter-spacing );}@media(min-width:768px){.elementor-1390 .elementor-element.elementor-element-e8263df{--content-width:100%;}.elementor-1390 .elementor-element.elementor-element-5db8c93{--content-width:100%;}}@media(max-width:1440px){.elementor-1390 .elementor-element.elementor-element-3657cf8 .elementor-heading-title{font-size:var( --e-global-typography-vamtam_h6-font-size );line-height:var( --e-global-typography-vamtam_h6-line-height );letter-spacing:var( --e-global-typography-vamtam_h6-letter-spacing );}}@media(max-width:1024px){.elementor-1390 .elementor-element.elementor-element-3657cf8 .elementor-heading-title{font-size:var( --e-global-typography-vamtam_h6-font-size );line-height:var( --e-global-typography-vamtam_h6-line-height );letter-spacing:var( --e-global-typography-vamtam_h6-letter-spacing );}}@media(max-width:767px){.elementor-1390 .elementor-element.elementor-element-e8263df{--border-radius:15px 15px 15px 15px;--margin-top:0px;--margin-bottom:0px;--margin-left:0px;--margin-right:0px;--padding-top:8px;--padding-bottom:16px;--padding-left:8px;--padding-right:8px;}.elementor-1390 .elementor-element.elementor-element-5db8c93{--min-height:204px;--border-radius:7px 7px 7px 7px;}.elementor-1390 .elementor-element.elementor-element-3657cf8 .elementor-heading-title{font-size:var( --e-global-typography-vamtam_h6-font-size );line-height:var( --e-global-typography-vamtam_h6-line-height );letter-spacing:var( --e-global-typography-vamtam_h6-letter-spacing );}}<\/style>\t\t<div data-elementor-type=\"loop-item\" data-elementor-id=\"1390\" class=\"elementor elementor-1390 e-loop-item e-loop-item-6640 post-6640 blog type-blog status-publish has-post-thumbnail hentry category-straipsniai\" data-elementor-post-type=\"elementor_library\" data-custom-edit-handle=\"1\">\n\t\t\t<a class=\"elementor-element elementor-element-e8263df e-flex e-con-boxed e-con e-parent\" data-id=\"e8263df\" data-element_type=\"container\" data-e-type=\"container\" href=\"https:\/\/ainis.space\/lt\/blog\/ux-ui-audito-galia-svetaines-nasumo-ir-naudotojo-patirties-gerinimas\/\">\n\t\t\t\t\t<div class=\"e-con-inner\">\n\t\t<div class=\"elementor-element elementor-element-5db8c93 e-flex e-con-boxed e-con e-child\" data-id=\"5db8c93\" data-element_type=\"container\" data-e-type=\"container\" data-settings=\"{&quot;background_background&quot;:&quot;classic&quot;}\">\n\t\t\t\t\t<div class=\"e-con-inner\">\n\t\t\t\t\t<\/div>\n\t\t\t\t<\/div>\n\t\t<div class=\"elementor-element elementor-element-f643a46 e-con-full e-flex e-con e-child\" data-id=\"f643a46\" data-element_type=\"container\" data-e-type=\"container\">\n\t\t\t\t<div class=\"elementor-element elementor-element-3657cf8 elementor-widget elementor-widget-theme-post-title elementor-page-title elementor-widget-heading\" data-id=\"3657cf8\" data-element_type=\"widget\" data-e-type=\"widget\" data-widget_type=\"theme-post-title.default\">\n\t\t\t\t<div class=\"elementor-widget-container\">\n\t\t\t\t\t<h3 class=\"elementor-heading-title elementor-size-default\">UX\/UI audito galia: Svetain\u0117s na\u0161umo ir naudotojo patirties gerinimas<\/h3>\t\t\t\t<\/div>\n\t\t\t\t<\/div>\n\t\t\t\t<\/div>\n\t\t\t\t\t<\/div>\n\t\t\t\t<\/a>\n\t\t\t\t<\/div>\n\t\t<style id=\"loop-dynamic-1390\">.e-loop-item-6642 .elementor-element.elementor-element-5db8c93:not(.elementor-motion-effects-element-type-background), .e-loop-item-6642 .elementor-element.elementor-element-5db8c93 > .elementor-motion-effects-container > .elementor-motion-effects-layer{background-image:url(\"https:\/\/ainis.space\/wp-content\/uploads\/2024\/01\/The-Evolution-of-Web-Design-1.png\");}<\/style>\t\t<div data-elementor-type=\"loop-item\" data-elementor-id=\"1390\" class=\"elementor elementor-1390 e-loop-item e-loop-item-6642 post-6642 blog type-blog status-publish has-post-thumbnail hentry category-straipsniai\" data-elementor-post-type=\"elementor_library\" data-custom-edit-handle=\"1\">\n\t\t\t<a class=\"elementor-element elementor-element-e8263df e-flex e-con-boxed e-con e-parent\" data-id=\"e8263df\" data-element_type=\"container\" data-e-type=\"container\" href=\"https:\/\/ainis.space\/lt\/blog\/tinklalapiu-dizaino-evoliucija-ux-ui-siuolaikiniu-svetainiu-raktas\/\">\n\t\t\t\t\t<div class=\"e-con-inner\">\n\t\t<div class=\"elementor-element elementor-element-5db8c93 e-flex e-con-boxed e-con e-child\" data-id=\"5db8c93\" data-element_type=\"container\" data-e-type=\"container\" data-settings=\"{&quot;background_background&quot;:&quot;classic&quot;}\">\n\t\t\t\t\t<div class=\"e-con-inner\">\n\t\t\t\t\t<\/div>\n\t\t\t\t<\/div>\n\t\t<div class=\"elementor-element elementor-element-f643a46 e-con-full e-flex e-con e-child\" data-id=\"f643a46\" data-element_type=\"container\" data-e-type=\"container\">\n\t\t\t\t<div class=\"elementor-element elementor-element-3657cf8 elementor-widget elementor-widget-theme-post-title elementor-page-title elementor-widget-heading\" data-id=\"3657cf8\" data-element_type=\"widget\" data-e-type=\"widget\" data-widget_type=\"theme-post-title.default\">\n\t\t\t\t<div class=\"elementor-widget-container\">\n\t\t\t\t\t<h3 class=\"elementor-heading-title elementor-size-default\">Tinklalapi\u0173 dizaino evoliucija: UX\/UI &#8211; \u0161iuolaikini\u0173 svetaini\u0173 raktas<\/h3>\t\t\t\t<\/div>\n\t\t\t\t<\/div>\n\t\t\t\t<\/div>\n\t\t\t\t\t<\/div>\n\t\t\t\t<\/a>\n\t\t\t\t<\/div>\n\t\t<style id=\"loop-dynamic-1390\">.e-loop-item-6643 .elementor-element.elementor-element-5db8c93:not(.elementor-motion-effects-element-type-background), .e-loop-item-6643 .elementor-element.elementor-element-5db8c93 > .elementor-motion-effects-container > .elementor-motion-effects-layer{background-image:url(\"https:\/\/ainis.space\/wp-content\/uploads\/2024\/01\/DALL\u00b7E-2024-01-14-16.07.16-Create-a-highly-minimalistic-graphic-design-for-a-blog-post-focusing-on-a-very-limited-color-palette-of-blue-white-and-black.-The-design-should-emb-1.png\");}<\/style>\t\t<div data-elementor-type=\"loop-item\" data-elementor-id=\"1390\" class=\"elementor elementor-1390 e-loop-item e-loop-item-6643 post-6643 blog type-blog status-publish has-post-thumbnail hentry category-straipsniai\" data-elementor-post-type=\"elementor_library\" data-custom-edit-handle=\"1\">\n\t\t\t<a class=\"elementor-element elementor-element-e8263df e-flex e-con-boxed e-con e-parent\" data-id=\"e8263df\" data-element_type=\"container\" data-e-type=\"container\" href=\"https:\/\/ainis.space\/lt\/blog\/esminis-ux-ui-vaidmuo-siuolaikiniame-tinklalapiu-dizaine-izvalgos-is-20-ies-metu-patirti-turincio-specialisto\/\">\n\t\t\t\t\t<div class=\"e-con-inner\">\n\t\t<div class=\"elementor-element elementor-element-5db8c93 e-flex e-con-boxed e-con e-child\" data-id=\"5db8c93\" data-element_type=\"container\" data-e-type=\"container\" data-settings=\"{&quot;background_background&quot;:&quot;classic&quot;}\">\n\t\t\t\t\t<div class=\"e-con-inner\">\n\t\t\t\t\t<\/div>\n\t\t\t\t<\/div>\n\t\t<div class=\"elementor-element elementor-element-f643a46 e-con-full e-flex e-con e-child\" data-id=\"f643a46\" data-element_type=\"container\" data-e-type=\"container\">\n\t\t\t\t<div class=\"elementor-element elementor-element-3657cf8 elementor-widget elementor-widget-theme-post-title elementor-page-title elementor-widget-heading\" data-id=\"3657cf8\" data-element_type=\"widget\" data-e-type=\"widget\" data-widget_type=\"theme-post-title.default\">\n\t\t\t\t<div class=\"elementor-widget-container\">\n\t\t\t\t\t<h3 class=\"elementor-heading-title elementor-size-default\">Esminis UX\/UI vaidmuo \u0161iuolaikiniame tinklalapi\u0173 dizaine: \u012e\u017evalgos i\u0161 20-ies met\u0173 patirt\u012f turin\u010dio specialisto<\/h3>\t\t\t\t<\/div>\n\t\t\t\t<\/div>\n\t\t\t\t<\/div>\n\t\t\t\t\t<\/div>\n\t\t\t\t<\/a>\n\t\t\t\t<\/div>\n\t\t\t\t<\/div>\n\t\t\n\t\t\t\t\t\t<\/div>\n\t\t\t\t<\/div>\n\t\t\t\t\t<\/div>\n\t\t\t\t<\/section>\n\t\t\t\t<\/div>\n\t\t","protected":false},"excerpt":{"rendered":"<p>Straipsniai, kurie \u012fkvepia Naujausi\u0173 UX\/UI dizaino, \u017einiatinklio k\u016brimo ir skaitmenin\u0117s rinkodaros straipsniai. Pasinerkite \u012f m\u016bs\u0173 \u012f\u017evalg\u0173, praktini\u0173 patarim\u0173 ir tendencij\u0173 analiz\u0117s pasaul\u012f, kad patobulintum\u0117te savo dizaino ir skaitmenin\u0117s strategijos \u017einias. Naudodamiesi m\u016bs\u0173 glaustu turiniu, su\u017einokite apie \u0161iuolaikines tendencijas ir technologijas.<\/p>\n","protected":false},"author":1,"featured_media":0,"parent":0,"menu_order":0,"comment_status":"closed","ping_status":"closed","template":"","meta":{"_acf_changed":false,"footnotes":""},"class_list":["post-5426","page","type-page","status-publish","hentry"],"acf":[],"_links":{"self":[{"href":"https:\/\/ainis.space\/lt\/wp-json\/wp\/v2\/pages\/5426","targetHints":{"allow":["GET"]}}],"collection":[{"href":"https:\/\/ainis.space\/lt\/wp-json\/wp\/v2\/pages"}],"about":[{"href":"https:\/\/ainis.space\/lt\/wp-json\/wp\/v2\/types\/page"}],"author":[{"embeddable":true,"href":"https:\/\/ainis.space\/lt\/wp-json\/wp\/v2\/users\/1"}],"replies":[{"embeddable":true,"href":"https:\/\/ainis.space\/lt\/wp-json\/wp\/v2\/comments?post=5426"}],"version-history":[{"count":3,"href":"https:\/\/ainis.space\/lt\/wp-json\/wp\/v2\/pages\/5426\/revisions"}],"predecessor-version":[{"id":7259,"href":"https:\/\/ainis.space\/lt\/wp-json\/wp\/v2\/pages\/5426\/revisions\/7259"}],"wp:attachment":[{"href":"https:\/\/ainis.space\/lt\/wp-json\/wp\/v2\/media?parent=5426"}],"curies":[{"name":"wp","href":"https:\/\/api.w.org\/{rel}","templated":true}]}}